{"id":10877,"date":"2024-04-10T07:59:04","date_gmt":"2024-04-10T07:59:04","guid":{"rendered":"https:\/\/csamontagebau.com\/%d0%be%d1%82%d1%82%d0%b8%d1%81%d0%ba\/"},"modified":"2025-03-05T07:45:36","modified_gmt":"2025-03-05T07:45:36","slug":"%d0%be%d1%82%d1%82%d0%b8%d1%81%d0%ba","status":"publish","type":"page","link":"https:\/\/csamontagebau.com\/ru\/%d0%be%d1%82%d1%82%d0%b8%d1%81%d0%ba\/","title":{"rendered":"\u041e\u0442\u0442\u0438\u0441\u043a"},"content":{"rendered":"\t\t<div data-elementor-type=\"wp-page\" data-elementor-id=\"10877\" class=\"elementor elementor-10877 elementor-83\" data-elementor-post-type=\"page\">\n\t\t\t\t<div class=\"elementor-element elementor-element-dfb3fa3 e-con-full e-flex e-con e-parent\" data-id=\"dfb3fa3\" data-element_type=\"container\" data-e-type=\"container\">\n\t\t\t\t<div class=\"elementor-element elementor-element-67227a4 elementor-widget elementor-widget-text-editor\" data-id=\"67227a4\" data-element_type=\"widget\" data-e-type=\"widget\" data-widget_type=\"text-editor.default\">\n\t\t\t\t<div class=\"elementor-widget-container\">\n\t\t\t\t\t\t\t\t\t<h1>\u041e\u0442\u0442\u0438\u0441\u043a<\/h1><p>CSA Montagebau GmbH<br>K\u00fchnh\u00e4userstra\u00dfe 15<br>99095 Erfurt<\/p><p>\u0422\u043e\u0440\u0433\u043e\u0432\u044b\u0439 \u0440\u0435\u0435\u0441\u0442\u0440: HRB520885<br>\u0420\u0435\u0433\u0438\u0441\u0442\u0440\u0430\u0446\u0438\u043e\u043d\u043d\u044b\u0439 \u0441\u0443\u0434: \u042d\u0440\u0444\u0443\u0440\u0442<\/p><p><strong>\u041f\u0440\u0435\u0434\u0441\u0442\u0430\u0432\u043b\u0435\u043d\u043e:<\/strong><br>\u041a\u0440\u0438\u0441\u0442\u043e\u0444\u0435\u0440 \u0425\u043e\u043b\u0441\u0442\u0430\u043c\u043c (Christopher Hohlstamm)<\/p><h2>\u0421\u0432\u044f\u0436\u0438\u0442\u0435\u0441\u044c \u0441 \u043d\u0430\u043c\u0438<\/h2><p>\u0422\u0435\u043b\u0435\u0444\u043e\u043d: +49 160 96215989<br>E-mail: info@csamontagebau.com<\/p><h2>\u0420\u0430\u0437\u0440\u0435\u0448\u0435\u043d\u0438\u0435 \u0441\u043f\u043e\u0440\u043e\u0432 \u0432 \u0415\u0421<\/h2><p>\u0415\u0432\u0440\u043e\u043f\u0435\u0439\u0441\u043a\u0430\u044f \u043a\u043e\u043c\u0438\u0441\u0441\u0438\u044f \u043f\u0440\u0435\u0434\u043e\u0441\u0442\u0430\u0432\u043b\u044f\u0435\u0442 \u043f\u043b\u0430\u0442\u0444\u043e\u0440\u043c\u0443 \u0434\u043b\u044f \u0440\u0430\u0437\u0440\u0435\u0448\u0435\u043d\u0438\u044f \u0441\u043f\u043e\u0440\u043e\u0432 \u0432 \u0440\u0435\u0436\u0438\u043c\u0435 \u043e\u043d\u043b\u0430\u0439\u043d (OS): <a href=\"https:\/\/ec.europa.eu\/consumers\/odr\/\" target=\"_blank\" rel=\"noopener noreferrer\">https:\/\/ec.europa.eu\/consumers\/odr\/.<\/a><br>\u041d\u0430\u0448 \u0430\u0434\u0440\u0435\u0441 \u044d\u043b\u0435\u043a\u0442\u0440\u043e\u043d\u043d\u043e\u0439 \u043f\u043e\u0447\u0442\u044b \u0412\u044b \u043d\u0430\u0439\u0434\u0435\u0442\u0435 \u0432 \u043f\u0440\u0438\u0432\u0435\u0434\u0435\u043d\u043d\u043e\u043c \u0432\u044b\u0448\u0435 \u044e\u0440\u0438\u0434\u0438\u0447\u0435\u0441\u043a\u043e\u043c \u0443\u0432\u0435\u0434\u043e\u043c\u043b\u0435\u043d\u0438\u0438.<\/p><h2>\u0420\u0430\u0437\u0440\u0435\u0448\u0435\u043d\u0438\u0435 \u043f\u043e\u0442\u0440\u0435\u0431\u0438\u0442\u0435\u043b\u044c\u0441\u043a\u0438\u0445 \u0441\u043f\u043e\u0440\u043e\u0432\/\u0443\u043d\u0438\u0432\u0435\u0440\u0441\u0430\u043b\u044c\u043d\u044b\u0439 \u0430\u0440\u0431\u0438\u0442\u0440\u0430\u0436\u043d\u044b\u0439 \u0446\u0435\u043d\u0442\u0440<\/h2><p>\u041c\u044b \u043d\u0435 \u0445\u043e\u0442\u0438\u043c \u0438 \u043d\u0435 \u043e\u0431\u044f\u0437\u0430\u043d\u044b \u0443\u0447\u0430\u0441\u0442\u0432\u043e\u0432\u0430\u0442\u044c \u0432 \u043f\u0440\u043e\u0446\u0435\u0434\u0443\u0440\u0435 \u0440\u0430\u0437\u0440\u0435\u0448\u0435\u043d\u0438\u044f \u0441\u043f\u043e\u0440\u043e\u0432 \u0432 \u043f\u043e\u0442\u0440\u0435\u0431\u0438\u0442\u0435\u043b\u044c\u0441\u043a\u043e\u043c \u0430\u0440\u0431\u0438\u0442\u0440\u0430\u0436\u043d\u043e\u043c \u0441\u043e\u0432\u0435\u0442\u0435.<\/p><h3>\u0417\u0430\u0447\u0435\u0442\u043d\u044b\u0435 \u043a\u0430\u0440\u0442\u0438\u043d\u043a\u0438<\/h3><p>\u0418\u0437\u043e\u0431\u0440\u0430\u0436\u0435\u043d\u0438\u0435 <a href=\"https:\/\/pixabay.com\/de\/users\/jwvein-5584447\/?utm_source=link-attribution&amp;utm_medium=referral&amp;utm_campaign=image&amp;utm_content=8019253\" target=\"_blank\" rel=\"noopener\">Janusz Walczak<\/a> \u043d\u0430 <a href=\"https:\/\/pixabay.com\/de\/\/?utm_source=link-attribution&amp;utm_medium=referral&amp;utm_campaign=image&amp;utm_content=8019253\" target=\"_blank\" rel=\"noopener\">Pixabay<\/a><\/p><p>\u0424\u043e\u0442\u043e\u0433\u0440\u0430\u0444\u0438\u044f <a href=\"https:\/\/pixabay.com\/de\/users\/monikap-2515080\/?utm_source=link-attribution&amp;utm_medium=referral&amp;utm_campaign=image&amp;utm_content=3255854\" target=\"_blank\" rel=\"noopener\">Monika<\/a> \u043d\u0430 <a href=\"https:\/\/pixabay.com\/de\/\/?utm_source=link-attribution&amp;utm_medium=referral&amp;utm_campaign=image&amp;utm_content=3255854\" target=\"_blank\" rel=\"noopener\">Pixabay<\/a><\/p><p>\u0418\u0437\u043e\u0431\u0440\u0430\u0436\u0435\u043d\u0438\u0435 \u0438\u0437 <a href=\"https:\/\/pixabay.com\/de\/users\/schluesseldienst-13794927\/?utm_source=link-attribution&amp;utm_medium=referral&amp;utm_campaign=image&amp;utm_content=4516175\" target=\"_blank\" rel=\"noopener\">Schluesseldienst<\/a> \u043d\u0430 <a href=\"https:\/\/pixabay.com\/de\/\/?utm_source=link-attribution&amp;utm_medium=referral&amp;utm_campaign=image&amp;utm_content=4516175\" target=\"_blank\" rel=\"noopener\">Pixabay<\/a><\/p><p>\u0424\u043e\u0442\u043e\u0433\u0440\u0430\u0444\u0438\u044f <a href=\"https:\/\/pixabay.com\/de\/users\/hans-2\/?utm_source=link-attribution&amp;utm_medium=referral&amp;utm_campaign=image&amp;utm_content=73860\" target=\"_blank\" rel=\"noopener\">Hans<\/a> \u043d\u0430 <a href=\"https:\/\/pixabay.com\/de\/\/?utm_source=link-attribution&amp;utm_medium=referral&amp;utm_campaign=image&amp;utm_content=73860\" target=\"_blank\" rel=\"noopener\">Pixabay<\/a><\/p>\t\t\t\t\t\t\t\t<\/div>\n\t\t\t\t<\/div>\n\t\t\t\t<\/div>\n\t\t\t\t<\/div>\n\t\t","protected":false},"excerpt":{"rendered":"<p>\u041e\u0442\u0442\u0438\u0441\u043a CSA Montagebau GmbHK\u00fchnh\u00e4userstra\u00dfe 1599095 Erfurt \u0422\u043e\u0440\u0433\u043e\u0432\u044b\u0439 \u0440\u0435\u0435\u0441\u0442\u0440: HRB520885\u0420\u0435\u0433\u0438\u0441\u0442\u0440\u0430\u0446\u0438\u043e\u043d\u043d\u044b\u0439 \u0441\u0443\u0434: \u042d\u0440\u0444\u0443\u0440\u0442 \u041f\u0440\u0435\u0434\u0441\u0442\u0430\u0432\u043b\u0435\u043d\u043e:\u041a\u0440\u0438\u0441\u0442\u043e\u0444\u0435\u0440 \u0425\u043e\u043b\u0441\u0442\u0430\u043c\u043c (Christopher Hohlstamm) \u0421\u0432\u044f\u0436\u0438\u0442\u0435\u0441\u044c \u0441 \u043d\u0430\u043c\u0438 \u0422\u0435\u043b\u0435\u0444\u043e\u043d: +49 160 96215989E-mail: info@csamontagebau.com \u0420\u0430\u0437\u0440\u0435\u0448\u0435\u043d\u0438\u0435 \u0441\u043f\u043e\u0440\u043e\u0432 \u0432 \u0415\u0421 \u0415\u0432\u0440\u043e\u043f\u0435\u0439\u0441\u043a\u0430\u044f \u043a\u043e\u043c\u0438\u0441\u0441\u0438\u044f \u043f\u0440\u0435\u0434\u043e\u0441\u0442\u0430\u0432\u043b\u044f\u0435\u0442 \u043f\u043b\u0430\u0442\u0444\u043e\u0440\u043c\u0443 \u0434\u043b\u044f \u0440\u0430\u0437\u0440\u0435\u0448\u0435\u043d\u0438\u044f \u0441\u043f\u043e\u0440\u043e\u0432 \u0432 \u0440\u0435\u0436\u0438\u043c\u0435 \u043e\u043d\u043b\u0430\u0439\u043d (OS): https:\/\/ec.europa.eu\/consumers\/odr\/.\u041d\u0430\u0448 \u0430\u0434\u0440\u0435\u0441 \u044d\u043b\u0435\u043a\u0442\u0440\u043e\u043d\u043d\u043e\u0439 \u043f\u043e\u0447\u0442\u044b \u0412\u044b \u043d\u0430\u0439\u0434\u0435\u0442\u0435 \u0432 \u043f\u0440\u0438\u0432\u0435\u0434\u0435\u043d\u043d\u043e\u043c \u0432\u044b\u0448\u0435 \u044e\u0440\u0438\u0434\u0438\u0447\u0435\u0441\u043a\u043e\u043c \u0443\u0432\u0435\u0434\u043e\u043c\u043b\u0435\u043d\u0438\u0438. \u0420\u0430\u0437\u0440\u0435\u0448\u0435\u043d\u0438\u0435 \u043f\u043e\u0442\u0440\u0435\u0431\u0438\u0442\u0435\u043b\u044c\u0441\u043a\u0438\u0445 \u0441\u043f\u043e\u0440\u043e\u0432\/\u0443\u043d\u0438\u0432\u0435\u0440\u0441\u0430\u043b\u044c\u043d\u044b\u0439 \u0430\u0440\u0431\u0438\u0442\u0440\u0430\u0436\u043d\u044b\u0439 \u0446\u0435\u043d\u0442\u0440 \u041c\u044b [&hellip;]<\/p>\n","protected":false},"author":2,"featured_media":0,"parent":0,"menu_order":0,"comment_status":"closed","ping_status":"closed","template":"","meta":{"footnotes":""},"class_list":["post-10877","page","type-page","status-publish","hentry"],"_links":{"self":[{"href":"https:\/\/csamontagebau.com\/ru\/wp-json\/wp\/v2\/pages\/10877","targetHints":{"allow":["GET"]}}],"collection":[{"href":"https:\/\/csamontagebau.com\/ru\/wp-json\/wp\/v2\/pages"}],"about":[{"href":"https:\/\/csamontagebau.com\/ru\/wp-json\/wp\/v2\/types\/page"}],"author":[{"embeddable":true,"href":"https:\/\/csamontagebau.com\/ru\/wp-json\/wp\/v2\/users\/2"}],"replies":[{"embeddable":true,"href":"https:\/\/csamontagebau.com\/ru\/wp-json\/wp\/v2\/comments?post=10877"}],"version-history":[{"count":0,"href":"https:\/\/csamontagebau.com\/ru\/wp-json\/wp\/v2\/pages\/10877\/revisions"}],"wp:attachment":[{"href":"https:\/\/csamontagebau.com\/ru\/wp-json\/wp\/v2\/media?parent=10877"}],"curies":[{"name":"wp","href":"https:\/\/api.w.org\/{rel}","templated":true}]}}