{"id":10878,"date":"2024-04-18T13:22:00","date_gmt":"2024-04-18T13:22:00","guid":{"rendered":"https:\/\/csamontagebau.com\/contact-us\/"},"modified":"2025-03-05T07:45:38","modified_gmt":"2025-03-05T07:45:38","slug":"contact-us","status":"publish","type":"page","link":"https:\/\/csamontagebau.com\/en\/contact-us\/","title":{"rendered":"Contact us"},"content":{"rendered":"\t\t<div data-elementor-type=\"wp-page\" data-elementor-id=\"10878\" class=\"elementor elementor-10878 elementor-525\" data-elementor-post-type=\"page\">\n\t\t\t\t<div class=\"elementor-element elementor-element-f0910b2 e-con-full e-flex e-con e-parent\" data-id=\"f0910b2\" data-element_type=\"container\" data-e-type=\"container\" id=\"start\" data-settings=\"{&quot;background_background&quot;:&quot;classic&quot;}\">\n\t\t<div class=\"elementor-element elementor-element-968a5c9 e-con-full e-flex e-con e-child\" data-id=\"968a5c9\" data-element_type=\"container\" data-e-type=\"container\">\n\t\t\t\t<\/div>\n\t\t<div class=\"elementor-element elementor-element-d3dbe4f e-con-full e-flex elementor-invisible e-con e-child\" data-id=\"d3dbe4f\" data-element_type=\"container\" data-e-type=\"container\" data-settings=\"{&quot;background_background&quot;:&quot;classic&quot;,&quot;animation&quot;:&quot;fadeIn&quot;,&quot;animation_delay&quot;:500}\">\n\t\t<div class=\"elementor-element elementor-element-fc3bcd9 e-con-full e-flex e-con e-child\" data-id=\"fc3bcd9\" data-element_type=\"container\" data-e-type=\"container\" data-settings=\"{&quot;background_background&quot;:&quot;classic&quot;}\">\n\t\t\t\t<div class=\"elementor-element elementor-element-7ea35ea elementor-widget__width-initial elementor-invisible elementor-widget elementor-widget-heading\" data-id=\"7ea35ea\" data-element_type=\"widget\" data-e-type=\"widget\" data-settings=\"{&quot;_animation&quot;:&quot;fadeInDown&quot;}\" data-widget_type=\"heading.default\">\n\t\t\t\t<div class=\"elementor-widget-container\">\n\t\t\t\t\t<span class=\"elementor-heading-title elementor-size-default\">Make a request<\/span>\t\t\t\t<\/div>\n\t\t\t\t<\/div>\n\t\t\t\t<div class=\"elementor-element elementor-element-2164954 elementor-widget__width-initial elementor-widget elementor-widget-heading\" data-id=\"2164954\" data-element_type=\"widget\" data-e-type=\"widget\" data-widget_type=\"heading.default\">\n\t\t\t\t<div class=\"elementor-widget-container\">\n\t\t\t\t\t<h2 class=\"elementor-heading-title elementor-size-default\"><span style=\"color:#000000\">Send us an inquiry<\/span><\/h2>\t\t\t\t<\/div>\n\t\t\t\t<\/div>\n\t\t\t\t<div class=\"elementor-element elementor-element-460bd23 elementor-button-align-stretch elementor-widget elementor-widget-form\" data-id=\"460bd23\" data-element_type=\"widget\" data-e-type=\"widget\" data-settings=\"{&quot;step_next_label&quot;:&quot;Next&quot;,&quot;step_previous_label&quot;:&quot;Previous&quot;,&quot;button_width&quot;:&quot;100&quot;,&quot;step_type&quot;:&quot;number_text&quot;,&quot;step_icon_shape&quot;:&quot;circle&quot;}\" data-widget_type=\"form.default\">\n\t\t\t\t<div class=\"elementor-widget-container\">\n\t\t\t\t\t\t\t<form class=\"elementor-form\" method=\"post\" name=\"Request homepage\" aria-label=\"Request homepage\">\n\t\t\t<input type=\"hidden\" name=\"post_id\" value=\"10878\"\/>\n\t\t\t<input type=\"hidden\" name=\"form_id\" value=\"460bd23\"\/>\n\t\t\t<input type=\"hidden\" name=\"referer_title\" value=\"Contact us\" \/>\n\n\t\t\t\t\t\t\t<input type=\"hidden\" name=\"queried_id\" value=\"10878\"\/>\n\t\t\t\n\t\t\t<div class=\"elementor-form-fields-wrapper elementor-labels-\">\n\t\t\t\t\t\t\t\t<div class=\"elementor-field-type-text elementor-field-group elementor-column elementor-field-group-name elementor-col-100 elementor-field-required\">\n\t\t\t\t\t\t\t\t\t\t\t\t<label for=\"form-field-name\" class=\"elementor-field-label elementor-screen-only\">\n\t\t\t\t\t\t\t\tName\t\t\t\t\t\t\t<\/label>\n\t\t\t\t\t\t\t\t\t\t\t\t\t\t<input size=\"1\" type=\"text\" name=\"form_fields[name]\" id=\"form-field-name\" class=\"elementor-field elementor-size-md  elementor-field-textual\" placeholder=\"Name\" required=\"required\">\n\t\t\t\t\t\t\t\t\t\t\t<\/div>\n\t\t\t\t\t\t\t\t<div class=\"elementor-field-type-email elementor-field-group elementor-column elementor-field-group-email elementor-col-100 elementor-field-required\">\n\t\t\t\t\t\t\t\t\t\t\t\t<label for=\"form-field-email\" class=\"elementor-field-label elementor-screen-only\">\n\t\t\t\t\t\t\t\te-mail\t\t\t\t\t\t\t<\/label>\n\t\t\t\t\t\t\t\t\t\t\t\t\t\t<input size=\"1\" type=\"email\" name=\"form_fields[email]\" id=\"form-field-email\" class=\"elementor-field elementor-size-md  elementor-field-textual\" placeholder=\"e-mail\" required=\"required\">\n\t\t\t\t\t\t\t\t\t\t\t<\/div>\n\t\t\t\t\t\t\t\t<div class=\"elementor-field-type-tel elementor-field-group elementor-column elementor-field-group-message elementor-col-100 elementor-field-required\">\n\t\t\t\t\t\t\t\t\t\t\t\t<label for=\"form-field-message\" class=\"elementor-field-label elementor-screen-only\">\n\t\t\t\t\t\t\t\tTelephone\t\t\t\t\t\t\t<\/label>\n\t\t\t\t\t\t\t\t<input size=\"1\" type=\"tel\" name=\"form_fields[message]\" id=\"form-field-message\" class=\"elementor-field elementor-size-md  elementor-field-textual\" placeholder=\"Telephone\" required=\"required\" pattern=\"[0-9()#&amp;+*-=.]+\" title=\"Only numbers and phone characters (#, -, *, etc) are accepted.\">\n\n\t\t\t\t\t\t<\/div>\n\t\t\t\t\t\t\t\t<div class=\"elementor-field-type-textarea elementor-field-group elementor-column elementor-field-group-field_ec44eb4 elementor-col-100\">\n\t\t\t\t\t\t\t\t\t\t\t\t<label for=\"form-field-field_ec44eb4\" class=\"elementor-field-label elementor-screen-only\">\n\t\t\t\t\t\t\t\tDescription of your request\t\t\t\t\t\t\t<\/label>\n\t\t\t\t\t\t<textarea class=\"elementor-field-textual elementor-field  elementor-size-md\" name=\"form_fields[field_ec44eb4]\" id=\"form-field-field_ec44eb4\" rows=\"3\" placeholder=\"Description of your request\"><\/textarea>\t\t\t\t<\/div>\n\t\t\t\t\t\t\t\t<div class=\"elementor-field-type-recaptcha_v3 elementor-field-group elementor-column elementor-field-group-field_2a6d1ce elementor-col-100 recaptcha_v3-bottomright\">\n\t\t\t\t\t<div class=\"elementor-field\" id=\"form-field-field_2a6d1ce\"><div class=\"elementor-g-recaptcha\" data-sitekey=\"6LdH_ccpAAAAANR8YOtCQ-Bi0UhkvH6Da6Ln9rtO\" data-type=\"v3\" data-action=\"Form\" data-badge=\"bottomright\" data-size=\"invisible\"><\/div><\/div>\t\t\t\t<\/div>\n\t\t\t\t\t\t\t\t<div class=\"elementor-field-type-acceptance elementor-field-group elementor-column elementor-field-group-field_1f8b513 elementor-col-100 elementor-field-required\">\n\t\t\t\t\t\t\t<div class=\"elementor-field-subgroup\">\n\t\t\t<span class=\"elementor-field-option\">\n\t\t\t\t<input type=\"checkbox\" name=\"form_fields[field_1f8b513]\" id=\"form-field-field_1f8b513\" class=\"elementor-field elementor-size-md  elementor-acceptance-field\" required=\"required\">\n\t\t\t\t<label for=\"form-field-field_1f8b513\">I consent to the processing of my personal data and to being contacted by the company.<\/label>\t\t\t<\/span>\n\t\t<\/div>\n\t\t\t\t\t\t<\/div>\n\t\t\t\t\t\t\t\t<div class=\"elementor-field-group elementor-column elementor-field-type-submit elementor-col-100 e-form__buttons\">\n\t\t\t\t\t<button class=\"elementor-button elementor-size-sm\" type=\"submit\">\n\t\t\t\t\t\t<span class=\"elementor-button-content-wrapper\">\n\t\t\t\t\t\t\t\t\t\t\t\t\t\t\t\t\t\t\t\t\t\t<span class=\"elementor-button-text\">Sending<\/span>\n\t\t\t\t\t\t\t\t\t\t\t\t\t<\/span>\n\t\t\t\t\t<\/button>\n\t\t\t\t<\/div>\n\t\t\t<\/div>\n\t\t<\/form>\n\t\t\t\t\t\t<\/div>\n\t\t\t\t<\/div>\n\t\t\t\t<\/div>\n\t\t\t\t<\/div>\n\t\t\t\t<\/div>\n\t\t<div class=\"elementor-element elementor-element-e23c8b0 e-con-full e-flex e-con e-parent\" data-id=\"e23c8b0\" data-element_type=\"container\" data-e-type=\"container\" data-settings=\"{&quot;background_background&quot;:&quot;classic&quot;}\">\n\t\t<div class=\"elementor-element elementor-element-2389ac2 e-con-full e-flex e-con e-child\" data-id=\"2389ac2\" data-element_type=\"container\" data-e-type=\"container\">\n\t\t\t\t<div class=\"elementor-element elementor-element-8a98ef6 elementor-view-default elementor-position-block-start elementor-mobile-position-block-start elementor-widget elementor-widget-icon-box\" data-id=\"8a98ef6\" data-element_type=\"widget\" data-e-type=\"widget\" data-widget_type=\"icon-box.default\">\n\t\t\t\t<div class=\"elementor-widget-container\">\n\t\t\t\t\t\t\t<div class=\"elementor-icon-box-wrapper\">\n\n\t\t\t\t\t\t<div class=\"elementor-icon-box-icon\">\n\t\t\t\t<a href=\"mailto:info@csamontagebau.com\" class=\"elementor-icon\" tabindex=\"-1\" aria-label=\"info@csamontagebau.com\">\n\t\t\t\t<svg xmlns=\"http:\/\/www.w3.org\/2000\/svg\" id=\"Layer_1\" height=\"512\" viewBox=\"0 0 100 100\" width=\"512\"><path d=\"m87 24h-62c-4.4 0-8 3.6-8 8v3c0 1.1.9 2 2 2s2-.9 2-2v-3c0-.4.1-.8.2-1.2l22.4 19.2-22.4 19.2c-.1-.4-.2-.8-.2-1.2v-3c0-1.1-.9-2-2-2s-2 .9-2 2v3c0 4.4 3.6 8 8 8h62c4.4 0 8-3.6 8-8v-36c0-4.4-3.6-8-8-8zm-62.8 4.1c.2-.1.5-.1.8-.1h62c.3 0 .6 0 .8.1l-30.5 26.1c-.8.6-1.8.6-2.6 0zm62.8 43.9h-62c-.3 0-.6 0-.8-.1l22.5-19.3 5.4 4.7c1.1 1 2.5 1.5 3.9 1.5s2.8-.5 3.9-1.5l5.4-4.7 22.5 19.3c-.2.1-.5.1-.8.1zm4-4c0 .4-.1.8-.2 1.2l-22.4-19.2 22.4-19.2c.1.4.2.8.2 1.2zm-80-23c0-1.1.9-2 2-2h12c1.1 0 2 .9 2 2s-.9 2-2 2h-12c-1.1 0-2-.9-2-2zm14 12h-18c-1.1 0-2-.9-2-2s.9-2 2-2h18c1.1 0 2 .9 2 2s-.9 2-2 2z\"><\/path><\/svg>\t\t\t\t<\/a>\n\t\t\t<\/div>\n\t\t\t\n\t\t\t\t\t\t<div class=\"elementor-icon-box-content\">\n\n\t\t\t\t\t\t\t\t\t<h3 class=\"elementor-icon-box-title\">\n\t\t\t\t\t\t<a href=\"mailto:info@csamontagebau.com\" >\n\t\t\t\t\t\t\tinfo@csamontagebau.com\t\t\t\t\t\t<\/a>\n\t\t\t\t\t<\/h3>\n\t\t\t\t\n\t\t\t\t\t\t\t\t\t<p class=\"elementor-icon-box-description\">\n\t\t\t\t\t\te-mail\t\t\t\t\t<\/p>\n\t\t\t\t\n\t\t\t<\/div>\n\t\t\t\n\t\t<\/div>\n\t\t\t\t\t\t<\/div>\n\t\t\t\t<\/div>\n\t\t\t\t<\/div>\n\t\t<div class=\"elementor-element elementor-element-1aa2a13 e-con-full e-flex e-con e-child\" data-id=\"1aa2a13\" data-element_type=\"container\" data-e-type=\"container\">\n\t\t\t\t<div class=\"elementor-element elementor-element-05f893b elementor-view-default elementor-position-block-start elementor-mobile-position-block-start elementor-widget elementor-widget-icon-box\" data-id=\"05f893b\" data-element_type=\"widget\" data-e-type=\"widget\" data-widget_type=\"icon-box.default\">\n\t\t\t\t<div class=\"elementor-widget-container\">\n\t\t\t\t\t\t\t<div class=\"elementor-icon-box-wrapper\">\n\n\t\t\t\t\t\t<div class=\"elementor-icon-box-icon\">\n\t\t\t\t<a href=\"tel:+4936164609902\" class=\"elementor-icon\" tabindex=\"-1\" aria-label=\"(+49) 0361 64609902\">\n\t\t\t\t<svg aria-hidden=\"true\" class=\"e-font-icon-svg e-fas-phone-volume\" viewBox=\"0 0 384 512\" xmlns=\"http:\/\/www.w3.org\/2000\/svg\"><path d=\"M97.333 506.966c-129.874-129.874-129.681-340.252 0-469.933 5.698-5.698 14.527-6.632 21.263-2.422l64.817 40.513a17.187 17.187 0 0 1 6.849 20.958l-32.408 81.021a17.188 17.188 0 0 1-17.669 10.719l-55.81-5.58c-21.051 58.261-20.612 122.471 0 179.515l55.811-5.581a17.188 17.188 0 0 1 17.669 10.719l32.408 81.022a17.188 17.188 0 0 1-6.849 20.958l-64.817 40.513a17.19 17.19 0 0 1-21.264-2.422zM247.126 95.473c11.832 20.047 11.832 45.008 0 65.055-3.95 6.693-13.108 7.959-18.718 2.581l-5.975-5.726c-3.911-3.748-4.793-9.622-2.261-14.41a32.063 32.063 0 0 0 0-29.945c-2.533-4.788-1.65-10.662 2.261-14.41l5.975-5.726c5.61-5.378 14.768-4.112 18.718 2.581zm91.787-91.187c60.14 71.604 60.092 175.882 0 247.428-4.474 5.327-12.53 5.746-17.552.933l-5.798-5.557c-4.56-4.371-4.977-11.529-.93-16.379 49.687-59.538 49.646-145.933 0-205.422-4.047-4.85-3.631-12.008.93-16.379l5.798-5.557c5.022-4.813 13.078-4.394 17.552.933zm-45.972 44.941c36.05 46.322 36.108 111.149 0 157.546-4.39 5.641-12.697 6.251-17.856 1.304l-5.818-5.579c-4.4-4.219-4.998-11.095-1.285-15.931 26.536-34.564 26.534-82.572 0-117.134-3.713-4.836-3.115-11.711 1.285-15.931l5.818-5.579c5.159-4.947 13.466-4.337 17.856 1.304z\"><\/path><\/svg>\t\t\t\t<\/a>\n\t\t\t<\/div>\n\t\t\t\n\t\t\t\t\t\t<div class=\"elementor-icon-box-content\">\n\n\t\t\t\t\t\t\t\t\t<h3 class=\"elementor-icon-box-title\">\n\t\t\t\t\t\t<a href=\"tel:+4936164609902\" >\n\t\t\t\t\t\t\t(+49) 0361 64609902\t\t\t\t\t\t<\/a>\n\t\t\t\t\t<\/h3>\n\t\t\t\t\n\t\t\t\t\t\t\t\t\t<p class=\"elementor-icon-box-description\">\n\t\t\t\t\t\tCall\t\t\t\t\t<\/p>\n\t\t\t\t\n\t\t\t<\/div>\n\t\t\t\n\t\t<\/div>\n\t\t\t\t\t\t<\/div>\n\t\t\t\t<\/div>\n\t\t\t\t<\/div>\n\t\t<div class=\"elementor-element elementor-element-27b4a22 e-con-full e-flex e-con e-child\" data-id=\"27b4a22\" data-element_type=\"container\" data-e-type=\"container\">\n\t\t\t\t<div class=\"elementor-element elementor-element-44be237 elementor-view-default elementor-position-block-start elementor-mobile-position-block-start elementor-widget elementor-widget-icon-box\" data-id=\"44be237\" data-element_type=\"widget\" data-e-type=\"widget\" data-widget_type=\"icon-box.default\">\n\t\t\t\t<div class=\"elementor-widget-container\">\n\t\t\t\t\t\t\t<div class=\"elementor-icon-box-wrapper\">\n\n\t\t\t\t\t\t<div class=\"elementor-icon-box-icon\">\n\t\t\t\t<a href=\"https:\/\/www.google.com\/maps\/place\/\/data=!4m2!3m1!1s0x47a46d36876cdc37:0x94ba3d99ff98a179?sa=X&#038;ved=1t:8290&#038;hl=de&#038;ictx=111\" target=\"_blank\" class=\"elementor-icon\" tabindex=\"-1\" aria-label=\"K\u00fchnh\u00e4userstra\u00dfe 15 99095 Erfurt\" rel=\"noopener\">\n\t\t\t\t<svg aria-hidden=\"true\" class=\"e-font-icon-svg e-fas-map-marker-alt\" viewBox=\"0 0 384 512\" xmlns=\"http:\/\/www.w3.org\/2000\/svg\"><path d=\"M172.268 501.67C26.97 291.031 0 269.413 0 192 0 85.961 85.961 0 192 0s192 85.961 192 192c0 77.413-26.97 99.031-172.268 309.67-9.535 13.774-29.93 13.773-39.464 0zM192 272c44.183 0 80-35.817 80-80s-35.817-80-80-80-80 35.817-80 80 35.817 80 80 80z\"><\/path><\/svg>\t\t\t\t<\/a>\n\t\t\t<\/div>\n\t\t\t\n\t\t\t\t\t\t<div class=\"elementor-icon-box-content\">\n\n\t\t\t\t\t\t\t\t\t<h4 class=\"elementor-icon-box-title\">\n\t\t\t\t\t\t<a href=\"https:\/\/www.google.com\/maps\/place\/\/data=!4m2!3m1!1s0x47a46d36876cdc37:0x94ba3d99ff98a179?sa=X&#038;ved=1t:8290&#038;hl=de&#038;ictx=111\" target=\"_blank\" rel=\"noopener\">\n\t\t\t\t\t\t\tK\u00fchnh\u00e4userstra\u00dfe 15 99095 Erfurt\t\t\t\t\t\t<\/a>\n\t\t\t\t\t<\/h4>\n\t\t\t\t\n\t\t\t\t\t\t\t\t\t<p class=\"elementor-icon-box-description\">\n\t\t\t\t\t\tNavigate there directly\t\t\t\t\t<\/p>\n\t\t\t\t\n\t\t\t<\/div>\n\t\t\t\n\t\t<\/div>\n\t\t\t\t\t\t<\/div>\n\t\t\t\t<\/div>\n\t\t\t\t<\/div>\n\t\t\t\t<\/div>\n\t\t<div class=\"elementor-element elementor-element-c5fedfe e-con-full e-flex e-con e-parent\" data-id=\"c5fedfe\" data-element_type=\"container\" data-e-type=\"container\">\n\t\t<div class=\"elementor-element elementor-element-3bff244 e-con-full e-flex e-con e-child\" data-id=\"3bff244\" data-element_type=\"container\" data-e-type=\"container\">\n\t\t<div class=\"elementor-element elementor-element-5076769 e-flex e-con-boxed e-con e-child\" data-id=\"5076769\" data-element_type=\"container\" data-e-type=\"container\">\n\t\t\t\t\t<div class=\"e-con-inner\">\n\t\t\t\t<div class=\"elementor-element elementor-element-b3ffe8e elementor-widget elementor-widget-heading\" data-id=\"b3ffe8e\" data-element_type=\"widget\" data-e-type=\"widget\" data-widget_type=\"heading.default\">\n\t\t\t\t<div class=\"elementor-widget-container\">\n\t\t\t\t\t<h3 class=\"elementor-heading-title elementor-size-default\">On site at CSA Montagebau GmbH<\/h3>\t\t\t\t<\/div>\n\t\t\t\t<\/div>\n\t\t\t\t<div class=\"elementor-element elementor-element-3015464 elementor-widget elementor-widget-text-editor\" data-id=\"3015464\" data-element_type=\"widget\" data-e-type=\"widget\" data-widget_type=\"text-editor.default\">\n\t\t\t\t<div class=\"elementor-widget-container\">\n\t\t\t\t\t\t\t\t\t<p>CSA Montagebau GmbH<\/p><p>K\u00fchnh\u00e4user Street 15<\/p><p>99095 Erfurt<\/p>\t\t\t\t\t\t\t\t<\/div>\n\t\t\t\t<\/div>\n\t\t\t\t\t<\/div>\n\t\t\t\t<\/div>\n\t\t<div class=\"elementor-element elementor-element-1f9956e e-con-full e-flex e-con e-child\" data-id=\"1f9956e\" data-element_type=\"container\" data-e-type=\"container\">\n\t\t\t\t<div class=\"elementor-element elementor-element-f43ad84 elementor-widget elementor-widget-heading\" data-id=\"f43ad84\" data-element_type=\"widget\" data-e-type=\"widget\" data-widget_type=\"heading.default\">\n\t\t\t\t<div class=\"elementor-widget-container\">\n\t\t\t\t\t<h3 class=\"elementor-heading-title elementor-size-default\">The direct line<\/h3>\t\t\t\t<\/div>\n\t\t\t\t<\/div>\n\t\t\t\t<div class=\"elementor-element elementor-element-6bd01d1 elementor-icon-list--layout-traditional elementor-list-item-link-full_width elementor-widget elementor-widget-icon-list\" data-id=\"6bd01d1\" data-element_type=\"widget\" data-e-type=\"widget\" data-widget_type=\"icon-list.default\">\n\t\t\t\t<div class=\"elementor-widget-container\">\n\t\t\t\t\t\t\t<ul class=\"elementor-icon-list-items\">\n\t\t\t\t\t\t\t<li class=\"elementor-icon-list-item\">\n\t\t\t\t\t\t\t\t\t\t\t<a href=\"http:\/\/+4936164609902\">\n\n\t\t\t\t\t\t\t\t\t\t\t\t<span class=\"elementor-icon-list-icon\">\n\t\t\t\t\t\t\t<svg xmlns=\"http:\/\/www.w3.org\/2000\/svg\" id=\"Layer_1\" height=\"24\" viewBox=\"0 0 24 24\" width=\"24\"><g fill=\"none\"><path d=\"m0 0h24v24h-24z\"><\/path><g stroke=\"#231f20\" stroke-linecap=\"round\" stroke-linejoin=\"round\"><path d=\"m14.5048 2.5051c0-1.1167-.9141-2.0313-2.0317-2.0313h-8.936c-1.1176 0-2.0317.9146-2.0317 2.0313v18.9727c0 1.1173.9141 2.031 2.0317 2.031h8.936c1.1176 0 2.0317-.9137 2.0317-2.031v-5.9988\"><\/path><circle cx=\"8.005\" cy=\"21.03\" r=\".853\"><\/circle><path d=\"m14.514 18.5h-13v-15h9.1523\"><\/path><path d=\"m12.5096 13.2387c-2-.4473-3.9759-2.6774-3.9759-5.327 0-2.973 2.2858-5.4117 5.0047-5.4117h4.9828c2.719 0 4.9233 2.5271 4.9233 5.5001 0 2.9728-2.2043 5.4999-4.9233 5.4999h-1.5695l-4.4421 3.5926z\"><\/path><g stroke-miterlimit=\"10\"><path d=\"m16.1159 9.3169c-.0067.0067-.0142.012-.0227.0163-.4278.2167-1.9756-1.4392-1.6805-1.7507.1776-.1741.6007-.4767.443-.6363-.0685-.0698-1.4472-1.5142-1.545-1.515-.0937-.0007-.5.4304-.5658.497-.5508.5627-.9014 1.4945 1.2887 3.7283 1.4667 1.4958 2.552 2.0346 3.3179 1.6472l.0003-.0001c.2351-.119.6791-.5575.8564-.7481.053-.0567.0515-.1449-.0026-.2001-1.7804-1.7982-1.3265-1.7443-2.0897-1.0385z\"><\/path><path d=\"m17.6952 7.8687c.0341-1.0377-.8097-1.8798-1.8457-1.8457\"><\/path><path d=\"m18.921 7.5376c.0335-1.5309-1.208-2.774-2.7404-2.7404\"><\/path><\/g><\/g><\/g><\/svg>\t\t\t\t\t\t<\/span>\n\t\t\t\t\t\t\t\t\t\t<span class=\"elementor-icon-list-text\">(+49) 0361 64609902<\/span>\n\t\t\t\t\t\t\t\t\t\t\t<\/a>\n\t\t\t\t\t\t\t\t\t<\/li>\n\t\t\t\t\t\t\t\t<li class=\"elementor-icon-list-item\">\n\t\t\t\t\t\t\t\t\t\t\t<a href=\"mailto:info@csamontagebau.com\">\n\n\t\t\t\t\t\t\t\t\t\t\t\t<span class=\"elementor-icon-list-icon\">\n\t\t\t\t\t\t\t<svg xmlns=\"http:\/\/www.w3.org\/2000\/svg\" xmlns:xlink=\"http:\/\/www.w3.org\/1999\/xlink\" id=\"Layer_1\" x=\"0px\" y=\"0px\" viewBox=\"0 0 512 512\" style=\"enable-background:new 0 0 512 512;\" xml:space=\"preserve\"><g>\t<g>\t\t<path d=\"M405.333,213.874V106.667c0-23.531-19.135-42.667-42.667-42.667h-320C19.135,64,0,83.135,0,106.667V320   c0,23.531,19.135,42.667,42.667,42.667h239.215C295.858,411.84,341.073,448,394.667,448c20.625,0,40.906-5.427,58.677-15.708   c5.094-2.948,6.844-9.469,3.885-14.573c-2.948-5.104-9.479-6.865-14.573-3.885c-14.521,8.396-31.115,12.833-47.99,12.833   c-52.938,0-96-43.063-96-96s43.063-96,96-96s96,43.063,96,96v10.667c0,11.76-9.573,21.333-21.333,21.333   c-11.76,0-21.333-9.573-21.333-21.333v-42.667c0-5.896-4.771-10.667-10.667-10.667c-2.869,0-5.447,1.161-7.362,3   c-9.428-8.401-21.714-13.667-35.305-13.667c-29.406,0-53.333,23.927-53.333,53.333S365.26,384,394.667,384   c15.896,0,30.03-7.131,39.81-18.202c7.727,10.977,20.44,18.202,34.857,18.202C492.865,384,512,364.865,512,341.333v-10.667   C512,269.569,465.044,219.288,405.333,213.874z M42.667,85.333h320c0.444,0,0.816,0.227,1.254,0.254L211.438,210.75   c-5.427,3.417-13.292,2.708-16.823,0.542L41.426,85.585C41.859,85.559,42.227,85.333,42.667,85.333z M384,213.874   c-59.711,5.414-106.667,55.695-106.667,116.793c0,3.6,0.221,7.148,0.54,10.667H42.667c-11.76,0-21.333-9.573-21.333-21.333   V106.667c0-3.021,0.667-5.874,1.805-8.48l158.883,130.293c6.208,4.052,13.344,6.188,20.646,6.188   c7.021,0,13.885-1.979,19.927-5.729c0.604-0.323,1.177-0.708,1.719-1.156l157.88-129.598c1.139,2.608,1.807,5.461,1.807,8.483   V213.874z M394.667,362.667c-17.646,0-32-14.354-32-32c0-17.646,14.354-32,32-32s32,14.354,32,32   C426.667,348.313,412.313,362.667,394.667,362.667z\"><\/path>\t<\/g><\/g><g><\/g><g><\/g><g><\/g><g><\/g><g><\/g><g><\/g><g><\/g><g><\/g><g><\/g><g><\/g><g><\/g><g><\/g><g><\/g><g><\/g><g><\/g><\/svg>\t\t\t\t\t\t<\/span>\n\t\t\t\t\t\t\t\t\t\t<span class=\"elementor-icon-list-text\">info@csamontagebau.com<\/span>\n\t\t\t\t\t\t\t\t\t\t\t<\/a>\n\t\t\t\t\t\t\t\t\t<\/li>\n\t\t\t\t\t\t<\/ul>\n\t\t\t\t\t\t<\/div>\n\t\t\t\t<\/div>\n\t\t\t\t<\/div>\n\t\t\t\t<\/div>\n\t\t<div class=\"elementor-element elementor-element-a88a2f2 e-con-full e-flex e-con e-child\" data-id=\"a88a2f2\" data-element_type=\"container\" data-e-type=\"container\">\n\t\t\t\t<div class=\"elementor-element elementor-element-faaa46b elementor-widget elementor-widget-google_maps\" data-id=\"faaa46b\" data-element_type=\"widget\" data-e-type=\"widget\" data-widget_type=\"google_maps.default\">\n\t\t\t\t<div class=\"elementor-widget-container\">\n\t\t\t\t\t\t\t<div class=\"elementor-custom-embed\">\n\t\t\t<iframe loading=\"lazy\"\n\t\t\t\t\tsrc=\"https:\/\/maps.google.com\/maps?q=CSA%20Montagebau%20GmbH%20K%C3%BChnh%C3%A4userstra%C3%9Fe%2015%2C%2099095%20Erfurt&#038;t=m&#038;z=14&#038;output=embed&#038;iwloc=near\"\n\t\t\t\t\ttitle=\"CSA Montagebau GmbH K\u00fchnh\u00e4userstra\u00dfe 15, 99095 Erfurt\"\n\t\t\t\t\taria-label=\"CSA Montagebau GmbH K\u00fchnh\u00e4userstra\u00dfe 15, 99095 Erfurt\"\n\t\t\t><\/iframe>\n\t\t<\/div>\n\t\t\t\t\t\t<\/div>\n\t\t\t\t<\/div>\n\t\t\t\t<\/div>\n\t\t\t\t<\/div>\n\t\t\t\t<\/div>\n\t\t","protected":false},"excerpt":{"rendered":"<p>Make a request Send us an inquiry info@csamontagebau.com e-mail (+49) 0361 64609902 Call K\u00fchnh\u00e4userstra\u00dfe 15 99095 Erfurt Navigate there directly On site at CSA Montagebau GmbH CSA Montagebau GmbH K\u00fchnh\u00e4user Street 15 99095 Erfurt The direct line (+49) 0361 64609902 info@csamontagebau.com<\/p>\n","protected":false},"author":2,"featured_media":0,"parent":0,"menu_order":0,"comment_status":"closed","ping_status":"closed","template":"","meta":{"footnotes":""},"class_list":["post-10878","page","type-page","status-publish","hentry"],"_links":{"self":[{"href":"https:\/\/csamontagebau.com\/en\/wp-json\/wp\/v2\/pages\/10878","targetHints":{"allow":["GET"]}}],"collection":[{"href":"https:\/\/csamontagebau.com\/en\/wp-json\/wp\/v2\/pages"}],"about":[{"href":"https:\/\/csamontagebau.com\/en\/wp-json\/wp\/v2\/types\/page"}],"author":[{"embeddable":true,"href":"https:\/\/csamontagebau.com\/en\/wp-json\/wp\/v2\/users\/2"}],"replies":[{"embeddable":true,"href":"https:\/\/csamontagebau.com\/en\/wp-json\/wp\/v2\/comments?post=10878"}],"version-history":[{"count":0,"href":"https:\/\/csamontagebau.com\/en\/wp-json\/wp\/v2\/pages\/10878\/revisions"}],"wp:attachment":[{"href":"https:\/\/csamontagebau.com\/en\/wp-json\/wp\/v2\/media?parent=10878"}],"curies":[{"name":"wp","href":"https:\/\/api.w.org\/{rel}","templated":true}]}}